{"id":29,"date":"2017-09-14T19:41:23","date_gmt":"2017-09-14T19:41:23","guid":{"rendered":"http:\/\/bergihills.de\/?page_id=29"},"modified":"2017-10-09T21:25:50","modified_gmt":"2017-10-09T19:25:50","slug":"anfahrt","status":"publish","type":"page","link":"https:\/\/bergihills.de\/de\/anfahrt\/","title":{"rendered":"Anschrift&#038;Lage"},"content":{"rendered":"<p>Am Kaffeeberg 25<br \/>\n01816 Bad Gottleuba-Berggie\u00dfh\u00fcbel<\/p>\n<p>Wichtige L\u00e4den f\u00fcr Selbstversorger:<br \/>\n&#8211; Netto<br \/>\n&#8211; Tankstelle Esso<br \/>\n&#8211; 3 B\u00e4cker<br \/>\n&#8211; 1 Fleischer<br \/>\n&#8211; 1 Drogerie<br \/>\n&#8211; 1 Apotheke<br \/>\n&#8211; Sparkasse &amp; Volks&amp;Raiffeisenbank<br \/>\n&#8211; mehrere Fris\u00f6re und ander Kosmetikeinrichtungen<\/p>\n<div id=\"wpgmza_map\" class=\"wpgmza_map\" data-settings='{\"id\":\"1\",\"map_title\":\"Ferienwohnung Lage\",\"map_width\":\"100\",\"map_height\":\"400\",\"map_start_lat\":\"50.873259\",\"map_start_lng\":\"13.950587\",\"map_start_location\":\"50.87325939999999,13.950586799999996\",\"map_start_zoom\":\"15\",\"default_marker\":\"0\",\"type\":\"1\",\"alignment\":\"1\",\"directions_enabled\":\"1\",\"styling_enabled\":\"0\",\"styling_json\":\"\",\"active\":\"0\",\"kml\":\"\",\"bicycle\":\"0\",\"traffic\":\"0\",\"dbox\":\"1\",\"dbox_width\":\"100\",\"listmarkers\":\"0\",\"listmarkers_advanced\":\"0\",\"filterbycat\":\"0\",\"ugm_enabled\":\"0\",\"ugm_category_enabled\":\"0\",\"fusion\":\"\",\"map_width_type\":\"\\\\%\",\"map_height_type\":\"px\",\"mass_marker_support\":\"1\",\"ugm_access\":\"0\",\"order_markers_by\":\"1\",\"order_markers_choice\":\"2\",\"show_user_location\":\"0\",\"default_to\":\"\",\"other_settings\":{\"store_locator_enabled\":2,\"store_locator_distance\":2,\"store_locator_default_radius\":\"10\",\"store_locator_not_found_message\":\"No results found in this location. Please try again.\",\"store_locator_bounce\":1,\"store_locator_query_string\":\"PLZ \\\/ Adresse:\",\"store_locator_default_address\":\"\",\"wpgmza_store_locator_restrict\":\"\",\"map_max_zoom\":\"1\",\"transport_layer\":0,\"wpgmza_theme_data\":\"\",\"wpgmza_show_points_of_interest\":1}}' data-map-id='1' Data-maps-engine='' data-shortcode-attributes='{\"id\":\"1\"}' style=\"display:block; overflow:auto; width:100%; height:400px; float:left;\"><\/div>\n","protected":false},"excerpt":{"rendered":"<p>Am Kaffeeberg 25 01816 Bad Gottleuba-Berggie\u00dfh\u00fcbel Wichtige L\u00e4den f\u00fcr Selbstversorger: &#8211; Netto &#8211; Tankstelle Esso &#8211; 3 B\u00e4cker &#8211; 1 Fleischer &#8211; 1 Drogerie &#8211; 1 Apotheke &#8211; Sparkasse &amp; Volks&amp;Raiffeisenbank &#8211; mehrere Fris\u00f6re und ander Kosmetikeinrichtungen<\/p>\n","protected":false},"author":1,"featured_media":0,"parent":0,"menu_order":0,"comment_status":"closed","ping_status":"closed","template":"","meta":{"footnotes":""},"class_list":["post-29","page","type-page","status-publish","hentry"],"translation":{"provider":"WPGlobus","version":"3.0.2","language":"de","enabled_languages":["en","de"],"languages":{"en":{"title":true,"content":true,"excerpt":false},"de":{"title":true,"content":true,"excerpt":false}}},"_links":{"self":[{"href":"https:\/\/bergihills.de\/de\/wp-json\/wp\/v2\/pages\/29","targetHints":{"allow":["GET"]}}],"collection":[{"href":"https:\/\/bergihills.de\/de\/wp-json\/wp\/v2\/pages"}],"about":[{"href":"https:\/\/bergihills.de\/de\/wp-json\/wp\/v2\/types\/page"}],"author":[{"embeddable":true,"href":"https:\/\/bergihills.de\/de\/wp-json\/wp\/v2\/users\/1"}],"replies":[{"embeddable":true,"href":"https:\/\/bergihills.de\/de\/wp-json\/wp\/v2\/comments?post=29"}],"version-history":[{"count":6,"href":"https:\/\/bergihills.de\/de\/wp-json\/wp\/v2\/pages\/29\/revisions"}],"predecessor-version":[{"id":145,"href":"https:\/\/bergihills.de\/de\/wp-json\/wp\/v2\/pages\/29\/revisions\/145"}],"wp:attachment":[{"href":"https:\/\/bergihills.de\/de\/wp-json\/wp\/v2\/media?parent=29"}],"curies":[{"name":"wp","href":"https:\/\/api.w.org\/{rel}","templated":true}]}}